{"id":139,"date":"2024-01-22T15:56:41","date_gmt":"2024-01-22T12:56:41","guid":{"rendered":"https:\/\/incigreeneryworkers.nl\/?page_id=139"},"modified":"2024-02-03T12:38:12","modified_gmt":"2024-02-03T09:38:12","slug":"werkzaamheden","status":"publish","type":"page","link":"https:\/\/incigreeneryworkers.nl\/index.php\/werkzaamheden\/","title":{"rendered":"Werkzaamheden"},"content":{"rendered":"<section class=\"l-section wpb_row height_auto width_full\"><div class=\"l-section-h i-cf\"><div class=\"g-cols vc_row via_grid cols_1 laptops-cols_inherit tablets-cols_inherit mobiles-cols_1 valign_middle type_default stacking_default\"><div class=\"wpb_column vc_column_container us_custom_9033c60f has_bg_color stretched\"><div class=\"vc_column-inner\"><\/div><\/div><\/div><\/div><\/section><section class=\"l-section wpb_row height_medium\"><div class=\"l-section-h i-cf\"><div class=\"g-cols vc_row via_grid cols_2-1 laptops-cols_inherit tablets-cols_inherit mobiles-cols_1 valign_top type_default stacking_default\" style=\"--gap:3.9rem;\"><div class=\"wpb_column vc_column_container us_custom_a2054ba0\"><div class=\"vc_column-inner\"><h1 class=\"w-text\"><span class=\"w-text-h\"><span class=\"w-text-value\">Werkzaamheden<\/span><\/span><\/h1><div class=\"wpb_text_column\"><div class=\"wpb_wrapper\"><h3>Toppen:<\/h3>\n<p>Topping bij paprikaplanten houdt in dat overtollige bladeren worden verwijderd om assimilaten niet te verspillen. Deze assimilaten zijn cruciaal voor de ontwikkeling van paprika&#8217;s, stengels, wortels en bladeren. Topping begint meestal rond de kerstvakantie en gebeurt aanvankelijk elke 10 dagen. Tot half februari worden alle toppen verwijderd tot het vierde oksel, om voldoende assimilaten te behouden voor de eerste zetting. Vanaf het vierde oksel wordt slechts \u00e9\u00e9n top behouden om assimilaten te genereren en als zonnescherm voor de paprika&#8217;s. Verwijderde toppen worden op de grond gegooid en aan het einde van het seizoen afgevoerd met grondfolie of opgeveegd in kisten.<\/p>\n<h3>Plukken:<\/h3>\n<p>Vanaf half februari start het indraaien, een noodzakelijke stap omdat de plant te groot wordt en de stengels beginnen door te hangen. Er zijn diverse methoden om de stengel langs het touwtje te leiden om breken te voorkomen. De traditionele methode is handmatig de stengel vanaf het eerste oksel langs het touwtje te geleiden, maar dit vergroot de kans op het afbreken van paprikavruchtjes.<\/p>\n<h3>Toppen\/indraaien<\/h3>\n<p>Na het initi\u00eble indraaien volgt een gecombineerde fase van toppen en indraaien. Tijdens het indraaien worden overbodige toppen verwijderd. Deze handeling begint in maart en gaat aanvankelijk te voet, maar schakelt later over naar een elektrische kar vanwege de groei van de paprikaplanten. Dit proces strekt zich uit tot ongeveer begin oktober. Vanaf april wordt er overgeschakeld naar dubbel toppen om de paprika&#8217;s te beschermen tegen intense zonnestraling. Rond half augustus, wanneer de zon minder fel schijnt, wordt teruggegaan naar enkel toppen. Sommige tuinders verwijderen eind september tijdens het laatste toppen\/indraaien de hoofdkop om alle beschikbare assimilaten te reserveren voor de laatste zetting paprika&#8217;s.<\/p>\n<h3>Draaien<\/h3>\n<p>Afhankelijk van de paprikakleur en het gebruik van assimilatiebelichting, start het plukseizoen rond half februari. In het begin zitten plukkers op buisrailstoeltjes, met daaraan gekoppeld een plukcontainer. Paprika&#8217;s worden met een oogstmesje bij de steeltjes afgesneden en voorzichtig in de container gelegd. De genummerde oogstcontainer en het bijbehorende pad worden geregistreerd, waardoor de tuinder een overzicht van de plukproductiviteit krijgt. Dit motiveert de plukkers en biedt de tuinder rust. Bij het plukken is nauwkeurig snijden belangrijk, zonder insnijdingen op de paprika&#8217;s. Als de plant te hoog wordt, gebruiken plukkers een electrokar met een oogstcontainer en valgootje om beschadigingen te voorkomen. Volle containers worden naar de loods gebracht, waar ze handmatig of automatisch op de sorteermachine worden geplaatst voor het sorteren van de paprika&#8217;s.<\/p>\n<h3>Teeltwisselings werkzaamheden<\/h3>\n<p>De teeltwisseling duurt meestal 3 tot 4 weken. Het begint met het schoonplukken van alle paprika&#8217;s aan de plant. Vervolgens worden electrokarren omgebouwd tot plantafvoerkarren, waarmee de afgesneden planten snel uit de kas worden verwijderd. Steenwolmatten, eventuele verwarmingsbuizen en grondfolie worden vervangen. Nieuwe substraatmatten worden gelegd, voorzien van substraatslangen en druppelaars. Na het doordrenken met mestwater worden nieuwe paprikaplantjes geplant en begint de cyclus opnieuw.<\/p>\n<p><b>Vragen of opmerkingen?<\/b><\/p>\n<p>Heeft u vragen of opmerkingen? Of wilt u gebruik maken van onze diensten? Neem telefonisch contact met ons op\u00a0<a href=\"tel:+31613171020\" target=\"_blank\" rel=\"noopener\">0649911076 \/ 0684226953\u00a0<\/a>of ga naar contact.<\/p>\n<\/div><\/div><div class=\"w-btn-wrapper align_none\"><button class=\"w-btn us-btn-style_1\"><span class=\"w-btn-label\">Ga naar contact<\/span><\/button><\/div><\/div><\/div><div class=\"wpb_column vc_column_container\"><div class=\"vc_column-inner\"><div class=\"wpb_text_column\"><div class=\"wpb_wrapper\"><h3>INCI GREENERY<\/h3>\n<div class=\"textwidget\">\n<p>Heeft u vragen of opmerkingen? Of wilt u gebeld worden voor een afspraak? Geen probleem. Bel ons op \u00a0<a href=\"tel:+31613171020\" target=\"_blank\" rel=\"noopener\">0649911076 \/ 0684226953<\/a> of vul het onderstaande contactformulier in.<\/p>\n<h3>Contactformulier<\/h3>\n<div id=\"gform_wrapper_1\" class=\"gf_browser_unknown gform_wrapper gform_legacy_markup_wrapper gform-theme--no-framework\" data-form-theme=\"legacy\" data-form-index=\"0\">\n<form id=\"gform_1\" action=\"https:\/\/bolliebv.nl\/over-ons\/\" enctype=\"multipart\/form-data\" method=\"post\" novalidate=\"\" data-formid=\"1\">\n<div class=\"gform-body gform_body\">\n<p><label class=\"gfield_label gform-field-label\" for=\"input_1_1\">Uw voor-en achternaam:<\/label><\/p>\n<\/div>\n<\/form>\n<\/div>\n<\/div>\n<\/div><\/div><form class=\"w-form  layout_ver for_cform us_form_1\" autocomplete=\"off\" action=\"https:\/\/incigreeneryworkers.nl\/index.php\/wp-json\/wp\/v2\/pages\/139\" method=\"post\"><div class=\"w-form-h\"><div class=\"w-form-row for_text has_label\">\r\n\t\t\t<div class=\"w-form-row-label\">\r\n\t\t\t<span>Uw voor-en achternaam:<\/span>\r\n\t\t<\/div>\r\n\t\t<div class=\"w-form-row-field\">\r\n\t\t\t\t\t\t<input aria-label=\"Uw voor-en achternaam:\" type=\"text\" name=\"us_form_1_text_1\" value placeholder\/>\r\n\t\t\t<\/div>\r\n\t\t<div class=\"w-form-row-state\">Fill out this field<\/div>\r\n<\/div>\r\n<div class=\"w-form-row for_email has_label required\">\r\n\t\t\t<div class=\"w-form-row-label\">\r\n\t\t\t<span>Uw e-mailadres: *<\/span>\r\n\t\t<\/div>\r\n\t\t<div class=\"w-form-row-field\">\r\n\t\t\t\t\t\t<input aria-label=\"Uw e-mailadres:\" type=\"email\" name=\"us_form_1_email_1\" value placeholder data-required=\"true\" aria-required=\"true\"\/>\r\n\t\t\t<\/div>\r\n\t\t<div class=\"w-form-row-state\">L\u00fctfen ge\u00e7erli bir e-posta adresi yaz\u0131n.<\/div>\r\n<\/div>\r\n<div class=\"w-form-row for_text has_label\">\r\n\t\t\t<div class=\"w-form-row-label\">\r\n\t\t\t<span>Uw telefoonnummer:<\/span>\r\n\t\t<\/div>\r\n\t\t<div class=\"w-form-row-field\">\r\n\t\t\t\t\t\t<input aria-label=\"Uw telefoonnummer:\" inputmode=\"tel\" type=\"text\" name=\"us_form_1_text_2\" value placeholder\/>\r\n\t\t\t<\/div>\r\n\t\t<div class=\"w-form-row-state\">Fill out this field<\/div>\r\n<\/div>\r\n<div class=\"w-form-row for_textarea has_label\">\r\n\t\t\t<div class=\"w-form-row-label\">\r\n\t\t\t<span>Uw bericht\/vraag:<\/span>\r\n\t\t<\/div>\r\n\t\t<div class=\"w-form-row-field\">\r\n\t\t\t\t\t\t<textarea aria-label=\"Uw bericht\/vraag:\" name=\"us_form_1_textarea_1\" placeholder><\/textarea>\r\n\t\t\t<\/div>\r\n\t\t<div class=\"w-form-row-state\">Fill out this field<\/div>\r\n<\/div>\r\n<input type=\"hidden\" name=\"action\" value=\"us_ajax_cform\" \/>\r\n<input type=\"hidden\" name=\"post_id\" value=\"0\" \/>\r\n<input type=\"hidden\" name=\"form_index\" value=\"1\" \/>\r\n<div class=\"w-form-row for_submit align_none\">\r\n\t<button class=\"w-btn  us-btn-style_1\" aria-label=\"Verzenden\" type=\"submit\">\r\n\t\t<span class=\"g-preloader type_1\"><\/span>\r\n\t\t\t\t<span class=\"w-btn-label\">Verzenden<\/span>\r\n\t\t\t<\/button>\r\n\t<\/div>\r\n<\/div><div class=\"w-form-message\"><\/div><div class=\"w-form-json hidden\" onclick='return {&quot;ajaxurl&quot;:&quot;https:\\\/\\\/incigreeneryworkers.nl\\\/wp-admin\\\/admin-ajax.php&quot;,&quot;messages&quot;:{&quot;err_empty&quot;:&quot;Fill out this field&quot;,&quot;err_size&quot;:&quot;File size cannot exceed %s MB&quot;,&quot;err_extension&quot;:&quot;%s file type is not allowed&quot;}}'><\/div><\/form><\/div><\/div><\/div><\/div><\/section>\n","protected":false},"excerpt":{"rendered":"WerkzaamhedenToppen: Topping bij paprikaplanten houdt in dat overtollige bladeren worden verwijderd om assimilaten niet te verspillen. Deze assimilaten zijn cruciaal voor de ontwikkeling van paprika&#8217;s, stengels, wortels en bladeren. Topping begint meestal rond de kerstvakantie en gebeurt aanvankelijk elke 10 dagen. Tot half februari worden alle toppen verwijderd tot het vierde oksel, om voldoende assimilaten...","protected":false},"author":1,"featured_media":0,"parent":0,"menu_order":0,"comment_status":"closed","ping_status":"closed","template":"","meta":{"footnotes":""},"class_list":["post-139","page","type-page","status-publish","hentry"],"_links":{"self":[{"href":"https:\/\/incigreeneryworkers.nl\/index.php\/wp-json\/wp\/v2\/pages\/139","targetHints":{"allow":["GET"]}}],"collection":[{"href":"https:\/\/incigreeneryworkers.nl\/index.php\/wp-json\/wp\/v2\/pages"}],"about":[{"href":"https:\/\/incigreeneryworkers.nl\/index.php\/wp-json\/wp\/v2\/types\/page"}],"author":[{"embeddable":true,"href":"https:\/\/incigreeneryworkers.nl\/index.php\/wp-json\/wp\/v2\/users\/1"}],"replies":[{"embeddable":true,"href":"https:\/\/incigreeneryworkers.nl\/index.php\/wp-json\/wp\/v2\/comments?post=139"}],"version-history":[{"count":7,"href":"https:\/\/incigreeneryworkers.nl\/index.php\/wp-json\/wp\/v2\/pages\/139\/revisions"}],"predecessor-version":[{"id":183,"href":"https:\/\/incigreeneryworkers.nl\/index.php\/wp-json\/wp\/v2\/pages\/139\/revisions\/183"}],"wp:attachment":[{"href":"https:\/\/incigreeneryworkers.nl\/index.php\/wp-json\/wp\/v2\/media?parent=139"}],"curies":[{"name":"wp","href":"https:\/\/api.w.org\/{rel}","templated":true}]}}